{"id":2774,"date":"2024-01-05T13:39:54","date_gmt":"2024-01-05T18:39:54","guid":{"rendered":"https:\/\/golfoasis.enconstruction.website\/fr\/?page_id=2774"},"modified":"2024-05-09T14:23:26","modified_gmt":"2024-05-09T19:23:26","slug":"restaurant","status":"publish","type":"page","link":"https:\/\/golfoasis.ca\/fr\/restaurant\/","title":{"rendered":"Restaurant"},"content":{"rendered":"\n<p class=\"has-text-align-center resto-notice has-white-color has-text-color has-link-color has-medium-font-size wp-elements-63fc447f0c93ca7b02ddd89af23fafea\"><em>Notre restaurant est ferm\u00e9 pour la saison 2023, nous serons de retour en mai 2024!<\/em><\/p>\n\n\n\n<div class=\"wp-block-cover resto-banner wp-duotone-unset-1\"><span aria-hidden=\"true\" class=\"wp-block-cover__background has-background-dim-0 has-background-dim\"><\/span><img fetchpriority=\"high\" decoding=\"async\" width=\"631\" height=\"401\" class=\"wp-block-cover__image-background wp-image-3130\" alt=\"\" src=\"https:\/\/golfoasis.ca\/wp-content\/uploads\/2024\/01\/restaurant-bg.png\" style=\"object-position:100% 50%\" data-object-fit=\"cover\" data-object-position=\"100% 50%\" srcset=\"https:\/\/golfoasis.ca\/wp-content\/uploads\/2024\/01\/restaurant-bg.png 631w, https:\/\/golfoasis.ca\/wp-content\/uploads\/2024\/01\/restaurant-bg-300x191.png 300w, https:\/\/golfoasis.ca\/wp-content\/uploads\/2024\/01\/restaurant-bg-600x381.png 600w\" sizes=\"(max-width: 631px) 100vw, 631px\" \/><div class=\"wp-block-cover__inner-container is-layout-constrained wp-block-cover-is-layout-constrained\">\n<h2 class=\"wp-block-heading has-text-align-left has-text-color has-link-color has-large-font-size wp-elements-653c442e3a62022b30a620f3c2e55a29\" style=\"color:#893002;font-style:normal;font-weight:400;text-transform:none\">Le restaurant est ouvert \u00e0 tous,<br>pas seulement aux golfeurs!<\/h2>\n\n\n\n<p class=\"has-black-color has-text-color has-link-color wp-elements-6f82aa54b3f6b0cccbf47da2a9fe7cbe\">Venez d\u00e9guster des plats savoureux dans une ambiance<br>d\u00e9tendue \u00e0 notre salle \u00e0 manger ou sur la terrasse.<\/p>\n<\/div><\/div>\n\n\n\n<div class=\"wp-block-columns resto-horaire is-layout-flex wp-container-core-columns-is-layout-1 wp-block-columns-is-layout-flex\">\n<div class=\"wp-block-column is-layout-flow wp-block-column-is-layout-flow\">\n<h3 class=\"wp-block-heading has-text-color has-link-color wp-elements-27519cd8e0769281e439f530d36500a3\" style=\"color:#464646;text-transform:uppercase\"><strong>Nos horaires<\/strong><\/h3>\n\n\n\n<p><strong>D\u00e9jeuner<\/strong><br>D\u00e8s l\u2019ouverture du Golf jusqu\u2019\u00e0 11h00 du Mercredi au Dimanche<\/p>\n\n\n\n<p><strong>D\u00eener<\/strong><br>Le restaurant est ouvert du Mercredi au Dimanche de 11h00 \u00e0 14h00<br>(Menu Cantine disponible en tout temps pour apporter)<\/p>\n\n\n\n<p><strong>Souper<\/strong><br>Le restaurant est ouvert du Mercredi au Dimanche de 17h00 \u00e0 22h00<br>\u2022 Menu table d\u2019h\u00f4te disponible sur place.<br>\u2022 R\u00e9servations requises au minimum 24 heures \u00e0 l\u2019avance via notre application.<\/p>\n\n\n\n<div class=\"wp-block-buttons is-layout-flex wp-block-buttons-is-layout-flex\">\n<div class=\"wp-block-button call-to-action\"><a class=\"wp-block-button__link wp-element-button\" href=\"https:\/\/golfoasis.ca\/fr\/reservation-restaurant\/\">R\u00e9servez<\/a><\/div>\n<\/div>\n<\/div>\n\n\n\n<div class=\"wp-block-column is-layout-flow wp-block-column-is-layout-flow\">\n<figure class=\"wp-block-image size-full\"><a href=\"https:\/\/golfoasis.ca\/wp-content\/uploads\/2024\/01\/assiette-restaurant.png\" rel=\"lightbox[2774]\"><img decoding=\"async\" width=\"365\" height=\"297\" src=\"https:\/\/golfoasis.ca\/wp-content\/uploads\/2024\/01\/assiette-restaurant.png\" alt=\"\" class=\"wp-image-3096\" srcset=\"https:\/\/golfoasis.ca\/wp-content\/uploads\/2024\/01\/assiette-restaurant.png 365w, https:\/\/golfoasis.ca\/wp-content\/uploads\/2024\/01\/assiette-restaurant-300x244.png 300w\" sizes=\"(max-width: 365px) 100vw, 365px\" \/><\/a><\/figure>\n<\/div>\n<\/div>\n\n\n\n<div class=\"wp-block-columns is-layout-flex wp-container-core-columns-is-layout-2 wp-block-columns-is-layout-flex\">\n<div class=\"wp-block-column is-vertically-aligned-bottom resto-forfait is-layout-flow wp-block-column-is-layout-flow\">\n<p class=\"has-text-align-center has-large-font-size\" style=\"text-transform:uppercase\">Forfait golf\/souper<\/p>\n\n\n\n<p class=\"has-text-align-center has-medium-font-size\"><em>disponible<\/em><\/p>\n\n\n\n<p class=\"has-text-align-center\">Veuillez nous contacter au 1.800.853.2424<\/p>\n<\/div>\n\n\n\n<div class=\"wp-block-column is-vertically-aligned-bottom is-layout-flow wp-block-column-is-layout-flow\">\n<div class=\"wp-block-buttons is-vertical is-content-justification-center is-layout-flex wp-container-core-buttons-is-layout-2 wp-block-buttons-is-layout-flex\">\n<div class=\"wp-block-button call-to-action\"><a class=\"wp-block-button__link has-text-align-center wp-element-button\" href=\"https:\/\/golfoasis.ca\/wp-content\/uploads\/2024\/01\/MENU-GABRIELLE-MAY-2026.pdf\" target=\"_blank\" rel=\"noreferrer noopener\">Menu<\/a><\/div>\n\n\n\n<div class=\"wp-block-button call-to-action\"><a class=\"wp-block-button__link has-text-align-center wp-element-button\" href=\"https:\/\/golfoasis.ca\/wp-content\/uploads\/2024\/01\/golf-oasis-menu-alcool-fr.pdf\" target=\"_blank\" rel=\"noreferrer noopener\">Carte des vins et boissons<\/a><\/div>\n<\/div>\n<\/div>\n<\/div>\n\n\n\n<div style=\"height:50px\" aria-hidden=\"true\" class=\"wp-block-spacer\"><\/div>\n\n\n\n<div class=\"wp-block-columns is-layout-flex wp-container-core-columns-is-layout-3 wp-block-columns-is-layout-flex\">\n<div class=\"wp-block-column is-layout-flow wp-block-column-is-layout-flow\">\n<figure class=\"wp-block-image size-large\"><a href=\"https:\/\/golfoasis.ca\/wp-content\/uploads\/2024\/01\/oso-bucco.jpg\" rel=\"lightbox[2774]\"><img decoding=\"async\" width=\"1024\" height=\"1024\" src=\"https:\/\/golfoasis.ca\/wp-content\/uploads\/2024\/01\/oso-bucco-1024x1024.jpg\" alt=\"\" class=\"wp-image-2906\" style=\"aspect-ratio:1;object-fit:cover\" srcset=\"https:\/\/golfoasis.ca\/wp-content\/uploads\/2024\/01\/oso-bucco-1024x1024.jpg 1024w, https:\/\/golfoasis.ca\/wp-content\/uploads\/2024\/01\/oso-bucco-300x300.jpg 300w, https:\/\/golfoasis.ca\/wp-content\/uploads\/2024\/01\/oso-bucco-150x150.jpg 150w, https:\/\/golfoasis.ca\/wp-content\/uploads\/2024\/01\/oso-bucco-768x768.jpg 768w, https:\/\/golfoasis.ca\/wp-content\/uploads\/2024\/01\/oso-bucco-600x600.jpg 600w, https:\/\/golfoasis.ca\/wp-content\/uploads\/2024\/01\/oso-bucco-100x100.jpg 100w, https:\/\/golfoasis.ca\/wp-content\/uploads\/2024\/01\/oso-bucco.jpg 1200w\" sizes=\"(max-width: 1024px) 100vw, 1024px\" \/><\/a><\/figure>\n<\/div>\n\n\n\n<div class=\"wp-block-column is-layout-flow wp-block-column-is-layout-flow\">\n<figure class=\"wp-block-image size-large\"><a href=\"https:\/\/golfoasis.ca\/wp-content\/uploads\/2024\/01\/pates.jpg\" rel=\"lightbox[2774]\"><img loading=\"lazy\" decoding=\"async\" width=\"1024\" height=\"1024\" src=\"https:\/\/golfoasis.ca\/wp-content\/uploads\/2024\/01\/pates-1024x1024.jpg\" alt=\"\" class=\"wp-image-2908\" style=\"aspect-ratio:1;object-fit:cover\" srcset=\"https:\/\/golfoasis.ca\/wp-content\/uploads\/2024\/01\/pates-1024x1024.jpg 1024w, https:\/\/golfoasis.ca\/wp-content\/uploads\/2024\/01\/pates-300x300.jpg 300w, https:\/\/golfoasis.ca\/wp-content\/uploads\/2024\/01\/pates-150x150.jpg 150w, https:\/\/golfoasis.ca\/wp-content\/uploads\/2024\/01\/pates-768x768.jpg 768w, https:\/\/golfoasis.ca\/wp-content\/uploads\/2024\/01\/pates-600x600.jpg 600w, https:\/\/golfoasis.ca\/wp-content\/uploads\/2024\/01\/pates-100x100.jpg 100w, https:\/\/golfoasis.ca\/wp-content\/uploads\/2024\/01\/pates.jpg 1200w\" sizes=\"(max-width: 1024px) 100vw, 1024px\" \/><\/a><\/figure>\n<\/div>\n\n\n\n<div class=\"wp-block-column is-layout-flow wp-block-column-is-layout-flow\">\n<figure class=\"wp-block-image size-large\"><a href=\"https:\/\/golfoasis.ca\/wp-content\/uploads\/2024\/01\/poulet.jpg\" rel=\"lightbox[2774]\"><img loading=\"lazy\" decoding=\"async\" width=\"1024\" height=\"1024\" src=\"https:\/\/golfoasis.ca\/wp-content\/uploads\/2024\/01\/poulet-1024x1024.jpg\" alt=\"\" class=\"wp-image-2910\" style=\"aspect-ratio:1;object-fit:cover\" srcset=\"https:\/\/golfoasis.ca\/wp-content\/uploads\/2024\/01\/poulet-1024x1024.jpg 1024w, https:\/\/golfoasis.ca\/wp-content\/uploads\/2024\/01\/poulet-300x300.jpg 300w, https:\/\/golfoasis.ca\/wp-content\/uploads\/2024\/01\/poulet-150x150.jpg 150w, https:\/\/golfoasis.ca\/wp-content\/uploads\/2024\/01\/poulet-768x768.jpg 768w, https:\/\/golfoasis.ca\/wp-content\/uploads\/2024\/01\/poulet-600x600.jpg 600w, https:\/\/golfoasis.ca\/wp-content\/uploads\/2024\/01\/poulet-100x100.jpg 100w, https:\/\/golfoasis.ca\/wp-content\/uploads\/2024\/01\/poulet.jpg 1200w\" sizes=\"(max-width: 1024px) 100vw, 1024px\" \/><\/a><\/figure>\n<\/div>\n<\/div>\n\n\n        <div class=\"row teasers\">\n            <div class=\"col-sm-12 col-md-4\">\n                <div class=\"teaser teaser-droits-jeu\">\n                    <a href=\"https:\/\/golfoasis.ca\/fr\/tarifs-golf\/\">\n                        <div class=\"text\">\n                            <div class=\"tagline\">Prix<\/div>\n                            <div class=\"main\">Droits de jeu<\/div>\n                            <div class=\"line\"><\/div>\n                        <\/div>\n                    <\/a>\n                <\/div>\n            <\/div>\n\n            <div class=\"col-sm-6 col-md-4\">\n                <div class=\"teaser teaser-devenez-membre\">\n                    <a href=\"https:\/\/golfoasis.ca\/fr\/devenir-membre\/\">\n                        <div class=\"text\">\n                            <div class=\"line\"><\/div>\n                            <div class=\"main\">Devenez membre<\/div>\n                            <div class=\"tagline\">d\u00e8s maintenant!<\/div>\n                        <\/div>\n                    <\/a>\n                <\/div>\n            <\/div>\n\n            <div class=\"col-sm-6 col-md-4\">\n                <div class=\"teaser teaser-decouvrez-forfaits\">\n                    <a href=\"\/fr\/shop\/\">\n                        <div class=\"text\">\n                            <div class=\"tagline\">D\u00e9couvrez nos<\/div>\n                            <div class=\"main\">Promotions et forfaits<\/div>\n                            <div class=\"line\"><\/div>\n                        <\/div>\n                    <\/a>\n                <\/div>\n            <\/div>\n        <\/div>\n        \n","protected":false},"excerpt":{"rendered":"<p>Notre restaurant est ferm\u00e9 pour la saison 2023, nous serons de retour en mai 2024! Nos horaires D\u00e9jeunerD\u00e8s l\u2019ouverture du Golf jusqu\u2019\u00e0 11h00 du Mercredi au Dimanche D\u00eenerLe restaurant est ouvert du Mercredi au Dimanche de 11h00 \u00e0 14h00(Menu Cantine disponible en tout temps pour apporter) SouperLe restaurant est ouvert du Mercredi au Dimanche de [&hellip;]<\/p>\n","protected":false},"author":133,"featured_media":0,"parent":0,"menu_order":0,"comment_status":"closed","ping_status":"closed","template":"full-width.php","meta":{"_acf_changed":false,"footnotes":""},"class_list":["post-2774","page","type-page","status-publish","hentry"],"acf":[],"yoast_head":"<!-- This site is optimized with the Yoast SEO plugin v26.6 - https:\/\/yoast.com\/wordpress\/plugins\/seo\/ -->\n<title>Restaurant - Club de Golf Oasis<\/title>\n<meta name=\"robots\" content=\"index, follow, max-snippet:-1, max-image-preview:large, max-video-preview:-1\" \/>\n<link rel=\"canonical\" href=\"https:\/\/golfoasis.ca\/fr\/restaurant\/\" \/>\n<meta property=\"og:locale\" content=\"fr_CA\" \/>\n<meta property=\"og:type\" content=\"article\" \/>\n<meta property=\"og:title\" content=\"Restaurant - Club de Golf Oasis\" \/>\n<meta property=\"og:description\" content=\"Notre restaurant est ferm\u00e9 pour la saison 2023, nous serons de retour en mai 2024! Nos horaires D\u00e9jeunerD\u00e8s l\u2019ouverture du Golf jusqu\u2019\u00e0 11h00 du Mercredi au Dimanche D\u00eenerLe restaurant est ouvert du Mercredi au Dimanche de 11h00 \u00e0 14h00(Menu Cantine disponible en tout temps pour apporter) SouperLe restaurant est ouvert du Mercredi au Dimanche de [&hellip;]\" \/>\n<meta property=\"og:url\" content=\"https:\/\/golfoasis.ca\/fr\/restaurant\/\" \/>\n<meta property=\"og:site_name\" content=\"Club de Golf Oasis\" \/>\n<meta property=\"article:publisher\" content=\"https:\/\/www.facebook.com\/golfoasis18\/\" \/>\n<meta property=\"article:modified_time\" content=\"2024-05-09T19:23:26+00:00\" \/>\n<meta property=\"og:image\" content=\"https:\/\/golfoasis.ca\/wp-content\/uploads\/2024\/01\/restaurant-bg.png\" \/>\n<meta name=\"twitter:label1\" content=\"Estimation du temps de lecture\" \/>\n\t<meta name=\"twitter:data1\" content=\"2 minutes\" \/>\n<script type=\"application\/ld+json\" class=\"yoast-schema-graph\">{\"@context\":\"https:\/\/schema.org\",\"@graph\":[{\"@type\":\"WebPage\",\"@id\":\"https:\/\/golfoasis.ca\/fr\/restaurant\/\",\"url\":\"https:\/\/golfoasis.ca\/fr\/restaurant\/\",\"name\":\"Restaurant - Club de Golf Oasis\",\"isPartOf\":{\"@id\":\"https:\/\/golfoasis.enconstruction.website\/#website\"},\"primaryImageOfPage\":{\"@id\":\"https:\/\/golfoasis.ca\/fr\/restaurant\/#primaryimage\"},\"image\":{\"@id\":\"https:\/\/golfoasis.ca\/fr\/restaurant\/#primaryimage\"},\"thumbnailUrl\":\"https:\/\/golfoasis.ca\/wp-content\/uploads\/2024\/01\/restaurant-bg.png\",\"datePublished\":\"2024-01-05T18:39:54+00:00\",\"dateModified\":\"2024-05-09T19:23:26+00:00\",\"breadcrumb\":{\"@id\":\"https:\/\/golfoasis.ca\/fr\/restaurant\/#breadcrumb\"},\"inLanguage\":\"fr-CA\",\"potentialAction\":[{\"@type\":\"ReadAction\",\"target\":[\"https:\/\/golfoasis.ca\/fr\/restaurant\/\"]}]},{\"@type\":\"ImageObject\",\"inLanguage\":\"fr-CA\",\"@id\":\"https:\/\/golfoasis.ca\/fr\/restaurant\/#primaryimage\",\"url\":\"https:\/\/golfoasis.ca\/wp-content\/uploads\/2024\/01\/restaurant-bg.png\",\"contentUrl\":\"https:\/\/golfoasis.ca\/wp-content\/uploads\/2024\/01\/restaurant-bg.png\"},{\"@type\":\"BreadcrumbList\",\"@id\":\"https:\/\/golfoasis.ca\/fr\/restaurant\/#breadcrumb\",\"itemListElement\":[{\"@type\":\"ListItem\",\"position\":1,\"name\":\"Home\",\"item\":\"https:\/\/golfoasis.ca\/fr\/accueil-2\/\"},{\"@type\":\"ListItem\",\"position\":2,\"name\":\"Restaurant\"}]},{\"@type\":\"WebSite\",\"@id\":\"https:\/\/golfoasis.enconstruction.website\/#website\",\"url\":\"https:\/\/golfoasis.enconstruction.website\/\",\"name\":\"Oasis Golf Course\",\"description\":\"Brownsburg-Chatham - Lachute - Laurentides\",\"publisher\":{\"@id\":\"https:\/\/golfoasis.enconstruction.website\/#organization\"},\"potentialAction\":[{\"@type\":\"SearchAction\",\"target\":{\"@type\":\"EntryPoint\",\"urlTemplate\":\"https:\/\/golfoasis.enconstruction.website\/?s={search_term_string}\"},\"query-input\":{\"@type\":\"PropertyValueSpecification\",\"valueRequired\":true,\"valueName\":\"search_term_string\"}}],\"inLanguage\":\"fr-CA\"},{\"@type\":\"Organization\",\"@id\":\"https:\/\/golfoasis.enconstruction.website\/#organization\",\"name\":\"Oasis Golf Course\",\"url\":\"https:\/\/golfoasis.enconstruction.website\/\",\"logo\":{\"@type\":\"ImageObject\",\"inLanguage\":\"fr-CA\",\"@id\":\"https:\/\/golfoasis.enconstruction.website\/#\/schema\/logo\/image\/\",\"url\":\"https:\/\/golfoasis.ca\/wp-content\/uploads\/2021\/01\/Logo-Oasis1.png\",\"contentUrl\":\"https:\/\/golfoasis.ca\/wp-content\/uploads\/2021\/01\/Logo-Oasis1.png\",\"width\":151,\"height\":210,\"caption\":\"Oasis Golf Course\"},\"image\":{\"@id\":\"https:\/\/golfoasis.enconstruction.website\/#\/schema\/logo\/image\/\"},\"sameAs\":[\"https:\/\/www.facebook.com\/golfoasis18\/\"]}]}<\/script>\n<!-- \/ Yoast SEO plugin. -->","yoast_head_json":{"title":"Restaurant - Club de Golf Oasis","robots":{"index":"index","follow":"follow","max-snippet":"max-snippet:-1","max-image-preview":"max-image-preview:large","max-video-preview":"max-video-preview:-1"},"canonical":"https:\/\/golfoasis.ca\/fr\/restaurant\/","og_locale":"fr_CA","og_type":"article","og_title":"Restaurant - Club de Golf Oasis","og_description":"Notre restaurant est ferm\u00e9 pour la saison 2023, nous serons de retour en mai 2024! Nos horaires D\u00e9jeunerD\u00e8s l\u2019ouverture du Golf jusqu\u2019\u00e0 11h00 du Mercredi au Dimanche D\u00eenerLe restaurant est ouvert du Mercredi au Dimanche de 11h00 \u00e0 14h00(Menu Cantine disponible en tout temps pour apporter) SouperLe restaurant est ouvert du Mercredi au Dimanche de [&hellip;]","og_url":"https:\/\/golfoasis.ca\/fr\/restaurant\/","og_site_name":"Club de Golf Oasis","article_publisher":"https:\/\/www.facebook.com\/golfoasis18\/","article_modified_time":"2024-05-09T19:23:26+00:00","og_image":[{"url":"https:\/\/golfoasis.ca\/wp-content\/uploads\/2024\/01\/restaurant-bg.png","type":"","width":"","height":""}],"twitter_misc":{"Estimation du temps de lecture":"2 minutes"},"schema":{"@context":"https:\/\/schema.org","@graph":[{"@type":"WebPage","@id":"https:\/\/golfoasis.ca\/fr\/restaurant\/","url":"https:\/\/golfoasis.ca\/fr\/restaurant\/","name":"Restaurant - Club de Golf Oasis","isPartOf":{"@id":"https:\/\/golfoasis.enconstruction.website\/#website"},"primaryImageOfPage":{"@id":"https:\/\/golfoasis.ca\/fr\/restaurant\/#primaryimage"},"image":{"@id":"https:\/\/golfoasis.ca\/fr\/restaurant\/#primaryimage"},"thumbnailUrl":"https:\/\/golfoasis.ca\/wp-content\/uploads\/2024\/01\/restaurant-bg.png","datePublished":"2024-01-05T18:39:54+00:00","dateModified":"2024-05-09T19:23:26+00:00","breadcrumb":{"@id":"https:\/\/golfoasis.ca\/fr\/restaurant\/#breadcrumb"},"inLanguage":"fr-CA","potentialAction":[{"@type":"ReadAction","target":["https:\/\/golfoasis.ca\/fr\/restaurant\/"]}]},{"@type":"ImageObject","inLanguage":"fr-CA","@id":"https:\/\/golfoasis.ca\/fr\/restaurant\/#primaryimage","url":"https:\/\/golfoasis.ca\/wp-content\/uploads\/2024\/01\/restaurant-bg.png","contentUrl":"https:\/\/golfoasis.ca\/wp-content\/uploads\/2024\/01\/restaurant-bg.png"},{"@type":"BreadcrumbList","@id":"https:\/\/golfoasis.ca\/fr\/restaurant\/#breadcrumb","itemListElement":[{"@type":"ListItem","position":1,"name":"Home","item":"https:\/\/golfoasis.ca\/fr\/accueil-2\/"},{"@type":"ListItem","position":2,"name":"Restaurant"}]},{"@type":"WebSite","@id":"https:\/\/golfoasis.enconstruction.website\/#website","url":"https:\/\/golfoasis.enconstruction.website\/","name":"Oasis Golf Course","description":"Brownsburg-Chatham - Lachute - Laurentides","publisher":{"@id":"https:\/\/golfoasis.enconstruction.website\/#organization"},"potentialAction":[{"@type":"SearchAction","target":{"@type":"EntryPoint","urlTemplate":"https:\/\/golfoasis.enconstruction.website\/?s={search_term_string}"},"query-input":{"@type":"PropertyValueSpecification","valueRequired":true,"valueName":"search_term_string"}}],"inLanguage":"fr-CA"},{"@type":"Organization","@id":"https:\/\/golfoasis.enconstruction.website\/#organization","name":"Oasis Golf Course","url":"https:\/\/golfoasis.enconstruction.website\/","logo":{"@type":"ImageObject","inLanguage":"fr-CA","@id":"https:\/\/golfoasis.enconstruction.website\/#\/schema\/logo\/image\/","url":"https:\/\/golfoasis.ca\/wp-content\/uploads\/2021\/01\/Logo-Oasis1.png","contentUrl":"https:\/\/golfoasis.ca\/wp-content\/uploads\/2021\/01\/Logo-Oasis1.png","width":151,"height":210,"caption":"Oasis Golf Course"},"image":{"@id":"https:\/\/golfoasis.enconstruction.website\/#\/schema\/logo\/image\/"},"sameAs":["https:\/\/www.facebook.com\/golfoasis18\/"]}]}},"_links":{"self":[{"href":"https:\/\/golfoasis.ca\/fr\/wp-json\/wp\/v2\/pages\/2774","targetHints":{"allow":["GET"]}}],"collection":[{"href":"https:\/\/golfoasis.ca\/fr\/wp-json\/wp\/v2\/pages"}],"about":[{"href":"https:\/\/golfoasis.ca\/fr\/wp-json\/wp\/v2\/types\/page"}],"author":[{"embeddable":true,"href":"https:\/\/golfoasis.ca\/fr\/wp-json\/wp\/v2\/users\/133"}],"replies":[{"embeddable":true,"href":"https:\/\/golfoasis.ca\/fr\/wp-json\/wp\/v2\/comments?post=2774"}],"version-history":[{"count":53,"href":"https:\/\/golfoasis.ca\/fr\/wp-json\/wp\/v2\/pages\/2774\/revisions"}],"predecessor-version":[{"id":3580,"href":"https:\/\/golfoasis.ca\/fr\/wp-json\/wp\/v2\/pages\/2774\/revisions\/3580"}],"wp:attachment":[{"href":"https:\/\/golfoasis.ca\/fr\/wp-json\/wp\/v2\/media?parent=2774"}],"curies":[{"name":"wp","href":"https:\/\/api.w.org\/{rel}","templated":true}]}}