{"id":69,"date":"2015-08-04T14:27:29","date_gmt":"2015-08-04T19:27:29","guid":{"rendered":"http:\/\/www.golfoasis.ca\/?page_id=69"},"modified":"2025-09-29T18:32:51","modified_gmt":"2025-09-29T23:32:51","slug":"devenir-membre","status":"publish","type":"page","link":"https:\/\/golfoasis.ca\/fr\/devenir-membre\/","title":{"rendered":"Devenir membre 2026"},"content":{"rendered":"\n<h2 class=\"wp-block-heading\"><span style=\"color: #99cc00;\">Pour plus d&rsquo;information ou devenir membre, contactez Serge Vincelette (&nbsp;<a href=\"mailto:serge@golfoasis.ca\">serge@golfoasis.ca<\/a>&nbsp;)<\/span><\/h2>\n\n\n\n<p class=\"has-text-align-center\"><span style=\"color: #ff0000;\"><b>&nbsp;<\/b><\/span><\/p>\n\n\n\n<figure class=\"wp-block-table\"><table><thead><tr><th>ABONNEMENT<\/th><th class=\"has-text-align-center\" data-align=\"center\">AVANT<br>31 OCTOBRE 2025<\/th><th class=\"has-text-align-center\" data-align=\"center\">AVANT<br>31 OCTOBRE 2025<\/th><th class=\"has-text-align-center\" data-align=\"center\">APRES<br>31 OCTOBRE 2025<\/th><th class=\"has-text-align-center\" data-align=\"center\">APRES<br>31 OCTOBRE 2025<\/th><\/tr><\/thead><tbody><tr><td><\/td><td class=\"has-text-align-center\" data-align=\"center\"><span style=\"color: #ff0000;\"><span class=\"has-inline-color has-vivid-red-color\">&nbsp;<strong>MARCHEUR<\/strong><\/span><\/span><\/td><td class=\"has-text-align-center\" data-align=\"center\"><strong><strong><span class=\"has-inline-color has-vivid-red-color\">AVEC VOITURETTE<\/span><\/strong><\/strong><\/td><td class=\"has-text-align-center\" data-align=\"center\"><strong>MARCHEUR<\/strong><\/td><td class=\"has-text-align-center\" data-align=\"center\"><strong><strong>AVEC VOITURETTE<\/strong><\/strong><\/td><\/tr><tr><td>&nbsp;7 JOURS<\/td><td class=\"has-text-align-center\" data-align=\"center\"><span style=\"color: #ff0000;\"><span style=\"background-color:rgba(0, 0, 0, 0)\" class=\"has-inline-color has-vivid-red-color\">$&nbsp;1525.00<\/span><\/span><\/td><td class=\"has-text-align-center\" data-align=\"center\"><span style=\"background-color:rgba(0, 0, 0, 0)\" class=\"has-inline-color has-vivid-red-color\">$&nbsp;2200.00<\/span><\/td><td class=\"has-text-align-center\" data-align=\"center\">&nbsp;$&nbsp;1650.00<\/td><td class=\"has-text-align-center\" data-align=\"center\">$&nbsp;2325.00<\/td><\/tr><tr><td>&nbsp;5 JOURS<\/td><td class=\"has-text-align-center\" data-align=\"center\"><span style=\"color: #ff0000;\"><span style=\"background-color:rgba(0, 0, 0, 0)\" class=\"has-inline-color has-vivid-red-color\">$&nbsp;1325.00<\/span><\/span><\/td><td class=\"has-text-align-center\" data-align=\"center\">$&nbsp;<span style=\"background-color:rgba(0, 0, 0, 0)\" class=\"has-inline-color has-vivid-red-color\">2000.00<\/span><\/td><td class=\"has-text-align-center\" data-align=\"center\">&nbsp;$&nbsp;1450.00<\/td><td class=\"has-text-align-center\" data-align=\"center\">$&nbsp;2125.00<\/td><\/tr><tr><td>&nbsp;<\/td><td class=\"has-text-align-center\" data-align=\"center\">&nbsp;<\/td><td class=\"has-text-align-center\" data-align=\"center\"><\/td><td class=\"has-text-align-center\" data-align=\"center\"><\/td><td class=\"has-text-align-center\" data-align=\"center\">&nbsp;<\/td><\/tr><tr><td>&nbsp;7 JOURS APR\u00c8S 14:00<\/td><td class=\"has-text-align-center\" data-align=\"center\"><span style=\"color: #ff0000;\"><span style=\"background-color:rgba(0, 0, 0, 0)\" class=\"has-inline-color has-vivid-red-color\">$&nbsp;1075.00<\/span><\/span><\/td><td class=\"has-text-align-center\" data-align=\"center\"><span style=\"background-color:rgba(0, 0, 0, 0)\" class=\"has-inline-color has-vivid-red-color\">$&nbsp;1750.00<\/span><\/td><td class=\"has-text-align-center\" data-align=\"center\">&nbsp;$&nbsp;1200.00<\/td><td class=\"has-text-align-center\" data-align=\"center\">$&nbsp;1875.00<\/td><\/tr><tr><td>&nbsp;5 JOURS APR\u00c8S 14:00<\/td><td class=\"has-text-align-center\" data-align=\"center\"><span style=\"color: #ff0000;\"><span style=\"background-color:rgba(0, 0, 0, 0)\" class=\"has-inline-color has-vivid-red-color\">$&nbsp;925.00<\/span><\/span><\/td><td class=\"has-text-align-center\" data-align=\"center\"><span style=\"background-color:rgba(0, 0, 0, 0)\" class=\"has-inline-color has-vivid-red-color\">$&nbsp;1600.00<\/span><\/td><td class=\"has-text-align-center\" data-align=\"center\">&nbsp;$&nbsp;1050.00<\/td><td class=\"has-text-align-center\" data-align=\"center\">$&nbsp;1725.00<\/td><\/tr><tr><td>&nbsp;7 JOURS av 9:00 ap 14:00<\/td><td class=\"has-text-align-center\" data-align=\"center\"><span style=\"background-color:rgba(0, 0, 0, 0)\" class=\"has-inline-color has-vivid-red-color\">&nbsp;<span style=\"color: #ff0000;\">$&nbsp;1350.00<\/span><\/span><\/td><td class=\"has-text-align-center\" data-align=\"center\"><span style=\"background-color:rgba(0, 0, 0, 0)\" class=\"has-inline-color has-vivid-red-color\">$&nbsp;2025.00<\/span><\/td><td class=\"has-text-align-center\" data-align=\"center\">&nbsp;$&nbsp;1475.00<\/td><td class=\"has-text-align-center\" data-align=\"center\">$&nbsp;2150.00<\/td><\/tr><tr><td>&nbsp;5 JOURS av 9:00 ap 14:00<\/td><td class=\"has-text-align-center\" data-align=\"center\"><span style=\"background-color:rgba(0, 0, 0, 0)\" class=\"has-inline-color has-vivid-red-color\">&nbsp;<span style=\"color: #ff0000;\">$ 1175.00<\/span><\/span><\/td><td class=\"has-text-align-center\" data-align=\"center\"><span style=\"background-color:rgba(0, 0, 0, 0)\" class=\"has-inline-color has-vivid-red-color\">$&nbsp;1850.00<\/span><\/td><td class=\"has-text-align-center\" data-align=\"center\">&nbsp;$&nbsp;1300.00<\/td><td class=\"has-text-align-center\" data-align=\"center\">&nbsp;$&nbsp;1975.00<\/td><\/tr><tr><td>&nbsp;FIN DE SEMAINE + FERIE<\/td><td class=\"has-text-align-center\" data-align=\"center\"><span style=\"color: #ff0000;\">&nbsp;<span style=\"background-color:rgba(0, 0, 0, 0)\" class=\"has-inline-color has-vivid-red-color\">$ 1075.00<\/span><\/span><\/td><td class=\"has-text-align-center\" data-align=\"center\"><span style=\"background-color:rgba(0, 0, 0, 0)\" class=\"has-inline-color has-vivid-red-color\">$&nbsp;1750.00<\/span><\/td><td class=\"has-text-align-center\" data-align=\"center\">&nbsp;$&nbsp;1200.00<\/td><td class=\"has-text-align-center\" data-align=\"center\">&nbsp; $ 1875.00<\/td><\/tr><tr><td> 7 JOURS APR\u00c8S 16:00 <br> ( 15:00 Fin de Semaine )<\/td><td class=\"has-text-align-center\" data-align=\"center\"><span style=\"background-color:rgba(0, 0, 0, 0)\" class=\"has-inline-color has-vivid-red-color\">&nbsp;$ 550.00<\/span><\/td><td class=\"has-text-align-center\" data-align=\"center\"><span style=\"background-color:rgba(0, 0, 0, 0)\" class=\"has-inline-color has-vivid-red-color\">&nbsp;$ 1125.00<\/span><\/td><td class=\"has-text-align-center\" data-align=\"center\">&nbsp;$ 550.00<\/td><td class=\"has-text-align-center\" data-align=\"center\">&nbsp;$ 1125.00<\/td><\/tr><tr><td>&nbsp;<\/td><td class=\"has-text-align-center\" data-align=\"center\">&nbsp;<\/td><td class=\"has-text-align-center\" data-align=\"center\"><\/td><td class=\"has-text-align-center\" data-align=\"center\"><\/td><td class=\"has-text-align-center\" data-align=\"center\">&nbsp;<\/td><\/tr><tr><td>&nbsp;<strong><span style=\"text-decoration: underline;\">PRIX REL\u00c8VE<\/span><\/strong><\/td><td class=\"has-text-align-center\" data-align=\"center\">&nbsp;<\/td><td class=\"has-text-align-center\" data-align=\"center\"><\/td><td class=\"has-text-align-center\" data-align=\"center\"><\/td><td class=\"has-text-align-center\" data-align=\"center\">&nbsp;<\/td><\/tr><tr><td>&nbsp;17 &#8211; 25 ANS<\/td><td class=\"has-text-align-center\" data-align=\"center\"><span style=\"color: #ff0000;\"><span style=\"background-color:rgba(0, 0, 0, 0)\" class=\"has-inline-color has-vivid-red-color\">$&nbsp;600.00<\/span><\/span><\/td><td class=\"has-text-align-center\" data-align=\"center\"><span style=\"background-color:rgba(0, 0, 0, 0)\" class=\"has-inline-color has-vivid-red-color\">$&nbsp;1050.00<\/span><\/td><td class=\"has-text-align-center\" data-align=\"center\">&nbsp;$&nbsp;600.00<\/td><td class=\"has-text-align-center\" data-align=\"center\">$&nbsp;1050.00<\/td><\/tr><tr><td>&nbsp;26 &#8211; 30 ANS<\/td><td class=\"has-text-align-center\" data-align=\"center\"><span style=\"color: #ff0000;\"><span style=\"background-color:rgba(0, 0, 0, 0)\" class=\"has-inline-color has-vivid-red-color\">$&nbsp;775.00<\/span><\/span><\/td><td class=\"has-text-align-center\" data-align=\"center\"><span style=\"background-color:rgba(0, 0, 0, 0)\" class=\"has-inline-color has-vivid-red-color\">$&nbsp;1225.00<\/span><\/td><td class=\"has-text-align-center\" data-align=\"center\">&nbsp;$&nbsp;775.00<\/td><td class=\"has-text-align-center\" data-align=\"center\">&nbsp;$&nbsp;1225.00<\/td><\/tr><tr><td>&nbsp;31 &#8211; 40 ANS<\/td><td class=\"has-text-align-center\" data-align=\"center\"><span style=\"background-color:rgba(0, 0, 0, 0)\" class=\"has-inline-color has-vivid-red-color\">&nbsp;<span style=\"color: #ff0000;\">$&nbsp;1000.00<\/span><\/span><\/td><td class=\"has-text-align-center\" data-align=\"center\"><span style=\"background-color:rgba(0, 0, 0, 0)\" class=\"has-inline-color has-vivid-red-color\">$&nbsp;1500.00<\/span><\/td><td class=\"has-text-align-center\" data-align=\"center\">&nbsp;$&nbsp;1000.00<\/td><td class=\"has-text-align-center\" data-align=\"center\">$ 1500.00<\/td><\/tr><tr><td>&nbsp;<\/td><td class=\"has-text-align-center\" data-align=\"center\">&nbsp;<\/td><td class=\"has-text-align-center\" data-align=\"center\"><\/td><td class=\"has-text-align-center\" data-align=\"center\"><\/td><td class=\"has-text-align-center\" data-align=\"center\">&nbsp;<\/td><\/tr><tr><td><span style=\"text-decoration: underline;\"><strong>VOITURETTE MEMBRE<\/strong><\/span><\/td><td class=\"has-text-align-center\" data-align=\"center\">&nbsp;<\/td><td class=\"has-text-align-center\" data-align=\"center\"><\/td><td class=\"has-text-align-center\" data-align=\"center\"><\/td><td class=\"has-text-align-center\" data-align=\"center\">&nbsp;<\/td><\/tr><tr><td>&nbsp;10 DEMI-VOITURETTE<\/td><td class=\"has-text-align-center\" data-align=\"center\"><\/td><td class=\"has-text-align-center\" data-align=\"center\">\u00a0$\u00a0160.00<\/td><td class=\"has-text-align-center\" data-align=\"center\"><\/td><td class=\"has-text-align-center\" data-align=\"center\">&nbsp;<\/td><\/tr><\/tbody><\/table><\/figure>\n\n\n\n<p><\/p>\n\n\n\n<p>PRIX ABONNEMENT COUPLE RABAIS 10 %<\/p>\n\n\n\n<p><strong><em>PROMOTION : NOUVEAU MEMBRE, PAYEZ MAINTENANT, JOUER GRATUITEMENT JUSQU&rsquo;A LA FIN DE LA SAISON<\/em><\/strong><\/p>\n\n\n\n<p>TOUS LES PRIX INCLUENT LES TAXES ET SONT SUJET A CHANGEMENT SANS PR\u00c9AVIS<\/p>\n\n\n\n<p><strong><span style=\"text-decoration: underline;\">TOUS LES ABONNEMENTS INCLUENT LES PRIVIL\u00c8GES SUIVANT&nbsp;<\/span><\/strong><\/p>\n\n\n\n<ul class=\"wp-block-list\">\n<li><strong>R\u00c9SERVATION 14&nbsp;JOURS \u00c0 L&rsquo;AVANCE<\/strong><\/li>\n\n\n\n<li><strong>20 % DE RABAIS \u00c0 LA BOUTIQUE ( sauf balles &amp; b\u00e2tons )<\/strong><\/li>\n\n\n\n<li><strong>10 % DE RABAIS SUR NOURRITURE ET BAR<\/strong><\/li>\n\n\n\n<li><strong>ACC\u00c8S AU SYST\u00c8ME CHRONOGOLF ET HANDICAP&nbsp;<\/strong><\/li>\n\n\n\n<li><strong>RABAIS 20% SUR LES D\u00c9PARTS INVIT\u00c9S DE MEMBRE ( SUR PRIX&nbsp;DROIT DE JEU&nbsp;R\u00c9GULIER SEULEMENT )<\/strong><\/li>\n\n\n\n<li><strong>CASIER PERSONNALIS\u00c9 50$ \/ PULL CART GRATUIT<\/strong><\/li>\n<\/ul>\n\n\n\n<p>POUR PLUS D&rsquo;INFORMATION CONTACTER<br>1-800-853-2424 ou 450-562-1094<\/p>\n","protected":false},"excerpt":{"rendered":"<p>Pour plus d&rsquo;information ou devenir membre, contactez Serge Vincelette (&nbsp;serge@golfoasis.ca&nbsp;) &nbsp; ABONNEMENT AVANT31 OCTOBRE 2025 AVANT31 OCTOBRE 2025 APRES31 OCTOBRE 2025 APRES31 OCTOBRE 2025 &nbsp;MARCHEUR AVEC VOITURETTE MARCHEUR AVEC VOITURETTE &nbsp;7 JOURS $&nbsp;1525.00 $&nbsp;2200.00 &nbsp;$&nbsp;1650.00 $&nbsp;2325.00 &nbsp;5 JOURS $&nbsp;1325.00 $&nbsp;2000.00 &nbsp;$&nbsp;1450.00 $&nbsp;2125.00 &nbsp; &nbsp; &nbsp; &nbsp;7 JOURS APR\u00c8S 14:00 $&nbsp;1075.00 $&nbsp;1750.00 &nbsp;$&nbsp;1200.00 $&nbsp;1875.00 &nbsp;5 JOURS [&hellip;]<\/p>\n","protected":false},"author":1,"featured_media":0,"parent":0,"menu_order":0,"comment_status":"closed","ping_status":"closed","template":"","meta":{"_acf_changed":false,"footnotes":""},"class_list":["post-69","page","type-page","status-publish","hentry"],"acf":[],"yoast_head":"<!-- This site is optimized with the Yoast SEO plugin v26.6 - https:\/\/yoast.com\/wordpress\/plugins\/seo\/ -->\n<title>Devenir membre 2026 - Club de Golf Oasis<\/title>\n<meta name=\"robots\" content=\"index, follow, max-snippet:-1, max-image-preview:large, max-video-preview:-1\" \/>\n<link rel=\"canonical\" href=\"https:\/\/golfoasis.ca\/fr\/devenir-membre\/\" \/>\n<meta property=\"og:locale\" content=\"fr_CA\" \/>\n<meta property=\"og:type\" content=\"article\" \/>\n<meta property=\"og:title\" content=\"Devenir membre 2026 - Club de Golf Oasis\" \/>\n<meta property=\"og:description\" content=\"Pour plus d&rsquo;information ou devenir membre, contactez Serge Vincelette (&nbsp;serge@golfoasis.ca&nbsp;) &nbsp; ABONNEMENT AVANT31 OCTOBRE 2025 AVANT31 OCTOBRE 2025 APRES31 OCTOBRE 2025 APRES31 OCTOBRE 2025 &nbsp;MARCHEUR AVEC VOITURETTE MARCHEUR AVEC VOITURETTE &nbsp;7 JOURS $&nbsp;1525.00 $&nbsp;2200.00 &nbsp;$&nbsp;1650.00 $&nbsp;2325.00 &nbsp;5 JOURS $&nbsp;1325.00 $&nbsp;2000.00 &nbsp;$&nbsp;1450.00 $&nbsp;2125.00 &nbsp; &nbsp; &nbsp; &nbsp;7 JOURS APR\u00c8S 14:00 $&nbsp;1075.00 $&nbsp;1750.00 &nbsp;$&nbsp;1200.00 $&nbsp;1875.00 &nbsp;5 JOURS [&hellip;]\" \/>\n<meta property=\"og:url\" content=\"https:\/\/golfoasis.ca\/fr\/devenir-membre\/\" \/>\n<meta property=\"og:site_name\" content=\"Club de Golf Oasis\" \/>\n<meta property=\"article:publisher\" content=\"https:\/\/www.facebook.com\/golfoasis18\/\" \/>\n<meta property=\"article:modified_time\" content=\"2025-09-29T23:32:51+00:00\" \/>\n<meta name=\"twitter:label1\" content=\"Estimation du temps de lecture\" \/>\n\t<meta name=\"twitter:data1\" content=\"2 minutes\" \/>\n<script type=\"application\/ld+json\" class=\"yoast-schema-graph\">{\"@context\":\"https:\/\/schema.org\",\"@graph\":[{\"@type\":\"WebPage\",\"@id\":\"https:\/\/golfoasis.ca\/fr\/devenir-membre\/\",\"url\":\"https:\/\/golfoasis.ca\/fr\/devenir-membre\/\",\"name\":\"Devenir membre 2026 - Club de Golf Oasis\",\"isPartOf\":{\"@id\":\"https:\/\/golfoasis.enconstruction.website\/#website\"},\"datePublished\":\"2015-08-04T19:27:29+00:00\",\"dateModified\":\"2025-09-29T23:32:51+00:00\",\"breadcrumb\":{\"@id\":\"https:\/\/golfoasis.ca\/fr\/devenir-membre\/#breadcrumb\"},\"inLanguage\":\"fr-CA\",\"potentialAction\":[{\"@type\":\"ReadAction\",\"target\":[\"https:\/\/golfoasis.ca\/fr\/devenir-membre\/\"]}]},{\"@type\":\"BreadcrumbList\",\"@id\":\"https:\/\/golfoasis.ca\/fr\/devenir-membre\/#breadcrumb\",\"itemListElement\":[{\"@type\":\"ListItem\",\"position\":1,\"name\":\"Home\",\"item\":\"https:\/\/golfoasis.ca\/fr\/accueil-2\/\"},{\"@type\":\"ListItem\",\"position\":2,\"name\":\"Devenir membre 2026\"}]},{\"@type\":\"WebSite\",\"@id\":\"https:\/\/golfoasis.enconstruction.website\/#website\",\"url\":\"https:\/\/golfoasis.enconstruction.website\/\",\"name\":\"Oasis Golf Course\",\"description\":\"Brownsburg-Chatham - Lachute - Laurentides\",\"publisher\":{\"@id\":\"https:\/\/golfoasis.enconstruction.website\/#organization\"},\"potentialAction\":[{\"@type\":\"SearchAction\",\"target\":{\"@type\":\"EntryPoint\",\"urlTemplate\":\"https:\/\/golfoasis.enconstruction.website\/?s={search_term_string}\"},\"query-input\":{\"@type\":\"PropertyValueSpecification\",\"valueRequired\":true,\"valueName\":\"search_term_string\"}}],\"inLanguage\":\"fr-CA\"},{\"@type\":\"Organization\",\"@id\":\"https:\/\/golfoasis.enconstruction.website\/#organization\",\"name\":\"Oasis Golf Course\",\"url\":\"https:\/\/golfoasis.enconstruction.website\/\",\"logo\":{\"@type\":\"ImageObject\",\"inLanguage\":\"fr-CA\",\"@id\":\"https:\/\/golfoasis.enconstruction.website\/#\/schema\/logo\/image\/\",\"url\":\"https:\/\/golfoasis.ca\/wp-content\/uploads\/2021\/01\/Logo-Oasis1.png\",\"contentUrl\":\"https:\/\/golfoasis.ca\/wp-content\/uploads\/2021\/01\/Logo-Oasis1.png\",\"width\":151,\"height\":210,\"caption\":\"Oasis Golf Course\"},\"image\":{\"@id\":\"https:\/\/golfoasis.enconstruction.website\/#\/schema\/logo\/image\/\"},\"sameAs\":[\"https:\/\/www.facebook.com\/golfoasis18\/\"]}]}<\/script>\n<!-- \/ Yoast SEO plugin. -->","yoast_head_json":{"title":"Devenir membre 2026 - Club de Golf Oasis","robots":{"index":"index","follow":"follow","max-snippet":"max-snippet:-1","max-image-preview":"max-image-preview:large","max-video-preview":"max-video-preview:-1"},"canonical":"https:\/\/golfoasis.ca\/fr\/devenir-membre\/","og_locale":"fr_CA","og_type":"article","og_title":"Devenir membre 2026 - Club de Golf Oasis","og_description":"Pour plus d&rsquo;information ou devenir membre, contactez Serge Vincelette (&nbsp;serge@golfoasis.ca&nbsp;) &nbsp; ABONNEMENT AVANT31 OCTOBRE 2025 AVANT31 OCTOBRE 2025 APRES31 OCTOBRE 2025 APRES31 OCTOBRE 2025 &nbsp;MARCHEUR AVEC VOITURETTE MARCHEUR AVEC VOITURETTE &nbsp;7 JOURS $&nbsp;1525.00 $&nbsp;2200.00 &nbsp;$&nbsp;1650.00 $&nbsp;2325.00 &nbsp;5 JOURS $&nbsp;1325.00 $&nbsp;2000.00 &nbsp;$&nbsp;1450.00 $&nbsp;2125.00 &nbsp; &nbsp; &nbsp; &nbsp;7 JOURS APR\u00c8S 14:00 $&nbsp;1075.00 $&nbsp;1750.00 &nbsp;$&nbsp;1200.00 $&nbsp;1875.00 &nbsp;5 JOURS [&hellip;]","og_url":"https:\/\/golfoasis.ca\/fr\/devenir-membre\/","og_site_name":"Club de Golf Oasis","article_publisher":"https:\/\/www.facebook.com\/golfoasis18\/","article_modified_time":"2025-09-29T23:32:51+00:00","twitter_misc":{"Estimation du temps de lecture":"2 minutes"},"schema":{"@context":"https:\/\/schema.org","@graph":[{"@type":"WebPage","@id":"https:\/\/golfoasis.ca\/fr\/devenir-membre\/","url":"https:\/\/golfoasis.ca\/fr\/devenir-membre\/","name":"Devenir membre 2026 - Club de Golf Oasis","isPartOf":{"@id":"https:\/\/golfoasis.enconstruction.website\/#website"},"datePublished":"2015-08-04T19:27:29+00:00","dateModified":"2025-09-29T23:32:51+00:00","breadcrumb":{"@id":"https:\/\/golfoasis.ca\/fr\/devenir-membre\/#breadcrumb"},"inLanguage":"fr-CA","potentialAction":[{"@type":"ReadAction","target":["https:\/\/golfoasis.ca\/fr\/devenir-membre\/"]}]},{"@type":"BreadcrumbList","@id":"https:\/\/golfoasis.ca\/fr\/devenir-membre\/#breadcrumb","itemListElement":[{"@type":"ListItem","position":1,"name":"Home","item":"https:\/\/golfoasis.ca\/fr\/accueil-2\/"},{"@type":"ListItem","position":2,"name":"Devenir membre 2026"}]},{"@type":"WebSite","@id":"https:\/\/golfoasis.enconstruction.website\/#website","url":"https:\/\/golfoasis.enconstruction.website\/","name":"Oasis Golf Course","description":"Brownsburg-Chatham - Lachute - Laurentides","publisher":{"@id":"https:\/\/golfoasis.enconstruction.website\/#organization"},"potentialAction":[{"@type":"SearchAction","target":{"@type":"EntryPoint","urlTemplate":"https:\/\/golfoasis.enconstruction.website\/?s={search_term_string}"},"query-input":{"@type":"PropertyValueSpecification","valueRequired":true,"valueName":"search_term_string"}}],"inLanguage":"fr-CA"},{"@type":"Organization","@id":"https:\/\/golfoasis.enconstruction.website\/#organization","name":"Oasis Golf Course","url":"https:\/\/golfoasis.enconstruction.website\/","logo":{"@type":"ImageObject","inLanguage":"fr-CA","@id":"https:\/\/golfoasis.enconstruction.website\/#\/schema\/logo\/image\/","url":"https:\/\/golfoasis.ca\/wp-content\/uploads\/2021\/01\/Logo-Oasis1.png","contentUrl":"https:\/\/golfoasis.ca\/wp-content\/uploads\/2021\/01\/Logo-Oasis1.png","width":151,"height":210,"caption":"Oasis Golf Course"},"image":{"@id":"https:\/\/golfoasis.enconstruction.website\/#\/schema\/logo\/image\/"},"sameAs":["https:\/\/www.facebook.com\/golfoasis18\/"]}]}},"_links":{"self":[{"href":"https:\/\/golfoasis.ca\/fr\/wp-json\/wp\/v2\/pages\/69","targetHints":{"allow":["GET"]}}],"collection":[{"href":"https:\/\/golfoasis.ca\/fr\/wp-json\/wp\/v2\/pages"}],"about":[{"href":"https:\/\/golfoasis.ca\/fr\/wp-json\/wp\/v2\/types\/page"}],"author":[{"embeddable":true,"href":"https:\/\/golfoasis.ca\/fr\/wp-json\/wp\/v2\/users\/1"}],"replies":[{"embeddable":true,"href":"https:\/\/golfoasis.ca\/fr\/wp-json\/wp\/v2\/comments?post=69"}],"version-history":[{"count":55,"href":"https:\/\/golfoasis.ca\/fr\/wp-json\/wp\/v2\/pages\/69\/revisions"}],"predecessor-version":[{"id":5309,"href":"https:\/\/golfoasis.ca\/fr\/wp-json\/wp\/v2\/pages\/69\/revisions\/5309"}],"wp:attachment":[{"href":"https:\/\/golfoasis.ca\/fr\/wp-json\/wp\/v2\/media?parent=69"}],"curies":[{"name":"wp","href":"https:\/\/api.w.org\/{rel}","templated":true}]}}