{"id":79,"date":"2015-08-04T15:35:58","date_gmt":"2015-08-04T20:35:58","guid":{"rendered":"http:\/\/www.golfoasis.ca\/?page_id=79"},"modified":"2025-05-30T23:07:43","modified_gmt":"2025-05-31T04:07:43","slug":"tournois-et-evenements","status":"publish","type":"page","link":"https:\/\/golfoasis.ca\/fr\/tournois-et-evenements\/","title":{"rendered":"Tournois et \u00e9v\u00e9nements"},"content":{"rendered":"\n<h1 class=\"wp-block-heading\"><span style=\"color: #8f2929;\"><strong><span style=\"text-decoration: underline;\">TOURNOI<\/span><\/strong><\/span><\/h1>\n\n\n\n<p><strong>Le Club de golf &amp; Auberge Oasis&nbsp;est un endroit merveilleux pour organiser un tournoi de golf ou un \u00e9v\u00e9nement dans les Laurentides. Que votre \u00e9v\u00e9nement soit d\u2019affaires, famille ou juste une r\u00e9union entre&nbsp;amis. L&rsquo;atmosph\u00e8re chaleureuse du Golf &amp; Auberge Oasis est un choix judicieux pour votre r\u00e9union annuelle. Nous avons aussi tout ce dont vous avez besoin pour organiser un mariage, une r\u00e9union ou un repas d&rsquo;affaires m\u00eame si vous ne jouez pas au golf. <\/strong><\/p>\n\n\n\n<p><strong>Nos forfaits de golf comprennent le droit de jeu&nbsp;et la voiturette&nbsp;\u00e9lectrique. <\/strong><\/p>\n\n\n\n<p><strong>Tous les tournois incluent les voiturettes&nbsp;personnalis\u00e9es<\/strong><\/p>\n\n\n\n<p><strong> Minimum de 24 joueurs requis.<\/strong><\/p>\n\n\n\n<p><strong>&nbsp;information : 1-800-853-2424 \/ 450-562-1094<\/strong><\/p>\n\n\n\n<figure class=\"wp-block-table data-table is-style-stripes\"><table><thead><tr><th><strong>GOLF SEULEMENT<\/strong><\/th><th class=\"has-text-align-center\" data-align=\"center\"><strong>CHOIX DE MENU, 3 SERVICES<\/strong><\/th><th class=\"has-text-align-center\" data-align=\"center\"><strong>PRIX REPAS&nbsp;<\/strong><\/th><th class=\"has-text-align-center\" data-align=\"center\"><strong>PRIX SP\u00c9CIAL&nbsp;&nbsp;GOLF \/ REPAS&nbsp;<\/strong><br><\/th><\/tr><\/thead><tbody><tr><th>Prix disponible sur demande<\/th><td class=\"has-text-align-center\" data-align=\"center\"> <p style=\"text-align: center;\"><strong>Prix disponible sur demande<\/strong><\/p><\/td><td class=\"has-text-align-center\" data-align=\"center\"><strong>Prix disponible sur demande<\/strong>&nbsp;<\/td><td class=\"has-text-align-center\" data-align=\"center\"><strong>Prix disponible sur demande<\/strong>&nbsp;<\/td><\/tr><\/tbody><\/table><\/figure>\n\n\n\n<h3 class=\"wp-block-heading\">&nbsp;Services additionnels<\/h3>\n\n\n\n<figure class=\"wp-block-table data-table\"><table><tbody><tr><th>Lunch au 9e trou<\/th><\/tr><tr><th>Brunch&nbsp;avant d\u00e9part<\/th><\/tr><\/tbody><\/table><\/figure>\n\n\n\n<figure class=\"wp-block-table data-table\"><table><tbody><tr><th>Service d\u00e9p\u00f4t des sacs<\/th><\/tr><tr><th>Voiturette en extra<\/th><\/tr><\/tbody><\/table><\/figure>\n\n\n\n<figure class=\"wp-block-table data-table\"><table><tbody><tr><th>Bouteille d&rsquo;eau<\/th><\/tr><tr><th>Article promotionnel<\/th><\/tr><\/tbody><\/table><\/figure>\n\n\n\n<figure class=\"wp-block-table data-table\"><table><tbody><tr><th>Mesurez vous au Pro<\/th><\/tr><tr><th>Activit\u00e9 sur le terrain<\/th><\/tr><\/tbody><\/table><\/figure>\n\n\n\n<p><\/p>\n\n\n\n<div class=\"row\">\n<div class=\"col-md-12\">\n<div class=\"col-md-6\">\n<p><span style=\"text-decoration: underline;\"><strong>Serge Vincelette<\/strong><\/span><\/p>\n<p>SERGE@GOLFOASIS.CA<\/p>\n<\/div>\n<\/div>\n<\/div>\n","protected":false},"excerpt":{"rendered":"<p>TOURNOI Le Club de golf &amp; Auberge Oasis&nbsp;est un endroit merveilleux pour organiser un tournoi de golf ou un \u00e9v\u00e9nement dans les Laurentides. Que votre \u00e9v\u00e9nement soit d\u2019affaires, famille ou juste une r\u00e9union entre&nbsp;amis. L&rsquo;atmosph\u00e8re chaleureuse du Golf &amp; Auberge Oasis est un choix judicieux pour votre r\u00e9union annuelle. Nous avons aussi tout ce dont [&hellip;]<\/p>\n","protected":false},"author":1,"featured_media":0,"parent":0,"menu_order":0,"comment_status":"closed","ping_status":"closed","template":"","meta":{"_acf_changed":false,"footnotes":""},"class_list":["post-79","page","type-page","status-publish","hentry"],"acf":[],"yoast_head":"<!-- This site is optimized with the Yoast SEO plugin v26.6 - https:\/\/yoast.com\/wordpress\/plugins\/seo\/ -->\n<title>Tournois et \u00e9v\u00e9nements - Club de Golf Oasis<\/title>\n<meta name=\"robots\" content=\"index, follow, max-snippet:-1, max-image-preview:large, max-video-preview:-1\" \/>\n<link rel=\"canonical\" href=\"https:\/\/golfoasis.ca\/fr\/tournois-et-evenements\/\" \/>\n<meta property=\"og:locale\" content=\"fr_CA\" \/>\n<meta property=\"og:type\" content=\"article\" \/>\n<meta property=\"og:title\" content=\"Tournois et \u00e9v\u00e9nements - Club de Golf Oasis\" \/>\n<meta property=\"og:description\" content=\"TOURNOI Le Club de golf &amp; Auberge Oasis&nbsp;est un endroit merveilleux pour organiser un tournoi de golf ou un \u00e9v\u00e9nement dans les Laurentides. Que votre \u00e9v\u00e9nement soit d\u2019affaires, famille ou juste une r\u00e9union entre&nbsp;amis. L&rsquo;atmosph\u00e8re chaleureuse du Golf &amp; Auberge Oasis est un choix judicieux pour votre r\u00e9union annuelle. Nous avons aussi tout ce dont [&hellip;]\" \/>\n<meta property=\"og:url\" content=\"https:\/\/golfoasis.ca\/fr\/tournois-et-evenements\/\" \/>\n<meta property=\"og:site_name\" content=\"Club de Golf Oasis\" \/>\n<meta property=\"article:publisher\" content=\"https:\/\/www.facebook.com\/golfoasis18\/\" \/>\n<meta property=\"article:modified_time\" content=\"2025-05-31T04:07:43+00:00\" \/>\n<meta name=\"twitter:label1\" content=\"Estimation du temps de lecture\" \/>\n\t<meta name=\"twitter:data1\" content=\"1 minute\" \/>\n<script type=\"application\/ld+json\" class=\"yoast-schema-graph\">{\"@context\":\"https:\/\/schema.org\",\"@graph\":[{\"@type\":\"WebPage\",\"@id\":\"https:\/\/golfoasis.ca\/fr\/tournois-et-evenements\/\",\"url\":\"https:\/\/golfoasis.ca\/fr\/tournois-et-evenements\/\",\"name\":\"Tournois et \u00e9v\u00e9nements - Club de Golf Oasis\",\"isPartOf\":{\"@id\":\"https:\/\/golfoasis.enconstruction.website\/#website\"},\"datePublished\":\"2015-08-04T20:35:58+00:00\",\"dateModified\":\"2025-05-31T04:07:43+00:00\",\"breadcrumb\":{\"@id\":\"https:\/\/golfoasis.ca\/fr\/tournois-et-evenements\/#breadcrumb\"},\"inLanguage\":\"fr-CA\",\"potentialAction\":[{\"@type\":\"ReadAction\",\"target\":[\"https:\/\/golfoasis.ca\/fr\/tournois-et-evenements\/\"]}]},{\"@type\":\"BreadcrumbList\",\"@id\":\"https:\/\/golfoasis.ca\/fr\/tournois-et-evenements\/#breadcrumb\",\"itemListElement\":[{\"@type\":\"ListItem\",\"position\":1,\"name\":\"Home\",\"item\":\"https:\/\/golfoasis.ca\/fr\/accueil-2\/\"},{\"@type\":\"ListItem\",\"position\":2,\"name\":\"Tournois et \u00e9v\u00e9nements\"}]},{\"@type\":\"WebSite\",\"@id\":\"https:\/\/golfoasis.enconstruction.website\/#website\",\"url\":\"https:\/\/golfoasis.enconstruction.website\/\",\"name\":\"Oasis Golf Course\",\"description\":\"Brownsburg-Chatham - Lachute - Laurentides\",\"publisher\":{\"@id\":\"https:\/\/golfoasis.enconstruction.website\/#organization\"},\"potentialAction\":[{\"@type\":\"SearchAction\",\"target\":{\"@type\":\"EntryPoint\",\"urlTemplate\":\"https:\/\/golfoasis.enconstruction.website\/?s={search_term_string}\"},\"query-input\":{\"@type\":\"PropertyValueSpecification\",\"valueRequired\":true,\"valueName\":\"search_term_string\"}}],\"inLanguage\":\"fr-CA\"},{\"@type\":\"Organization\",\"@id\":\"https:\/\/golfoasis.enconstruction.website\/#organization\",\"name\":\"Oasis Golf Course\",\"url\":\"https:\/\/golfoasis.enconstruction.website\/\",\"logo\":{\"@type\":\"ImageObject\",\"inLanguage\":\"fr-CA\",\"@id\":\"https:\/\/golfoasis.enconstruction.website\/#\/schema\/logo\/image\/\",\"url\":\"https:\/\/golfoasis.ca\/wp-content\/uploads\/2021\/01\/Logo-Oasis1.png\",\"contentUrl\":\"https:\/\/golfoasis.ca\/wp-content\/uploads\/2021\/01\/Logo-Oasis1.png\",\"width\":151,\"height\":210,\"caption\":\"Oasis Golf Course\"},\"image\":{\"@id\":\"https:\/\/golfoasis.enconstruction.website\/#\/schema\/logo\/image\/\"},\"sameAs\":[\"https:\/\/www.facebook.com\/golfoasis18\/\"]}]}<\/script>\n<!-- \/ Yoast SEO plugin. -->","yoast_head_json":{"title":"Tournois et \u00e9v\u00e9nements - Club de Golf Oasis","robots":{"index":"index","follow":"follow","max-snippet":"max-snippet:-1","max-image-preview":"max-image-preview:large","max-video-preview":"max-video-preview:-1"},"canonical":"https:\/\/golfoasis.ca\/fr\/tournois-et-evenements\/","og_locale":"fr_CA","og_type":"article","og_title":"Tournois et \u00e9v\u00e9nements - Club de Golf Oasis","og_description":"TOURNOI Le Club de golf &amp; Auberge Oasis&nbsp;est un endroit merveilleux pour organiser un tournoi de golf ou un \u00e9v\u00e9nement dans les Laurentides. Que votre \u00e9v\u00e9nement soit d\u2019affaires, famille ou juste une r\u00e9union entre&nbsp;amis. L&rsquo;atmosph\u00e8re chaleureuse du Golf &amp; Auberge Oasis est un choix judicieux pour votre r\u00e9union annuelle. Nous avons aussi tout ce dont [&hellip;]","og_url":"https:\/\/golfoasis.ca\/fr\/tournois-et-evenements\/","og_site_name":"Club de Golf Oasis","article_publisher":"https:\/\/www.facebook.com\/golfoasis18\/","article_modified_time":"2025-05-31T04:07:43+00:00","twitter_misc":{"Estimation du temps de lecture":"1 minute"},"schema":{"@context":"https:\/\/schema.org","@graph":[{"@type":"WebPage","@id":"https:\/\/golfoasis.ca\/fr\/tournois-et-evenements\/","url":"https:\/\/golfoasis.ca\/fr\/tournois-et-evenements\/","name":"Tournois et \u00e9v\u00e9nements - Club de Golf Oasis","isPartOf":{"@id":"https:\/\/golfoasis.enconstruction.website\/#website"},"datePublished":"2015-08-04T20:35:58+00:00","dateModified":"2025-05-31T04:07:43+00:00","breadcrumb":{"@id":"https:\/\/golfoasis.ca\/fr\/tournois-et-evenements\/#breadcrumb"},"inLanguage":"fr-CA","potentialAction":[{"@type":"ReadAction","target":["https:\/\/golfoasis.ca\/fr\/tournois-et-evenements\/"]}]},{"@type":"BreadcrumbList","@id":"https:\/\/golfoasis.ca\/fr\/tournois-et-evenements\/#breadcrumb","itemListElement":[{"@type":"ListItem","position":1,"name":"Home","item":"https:\/\/golfoasis.ca\/fr\/accueil-2\/"},{"@type":"ListItem","position":2,"name":"Tournois et \u00e9v\u00e9nements"}]},{"@type":"WebSite","@id":"https:\/\/golfoasis.enconstruction.website\/#website","url":"https:\/\/golfoasis.enconstruction.website\/","name":"Oasis Golf Course","description":"Brownsburg-Chatham - Lachute - Laurentides","publisher":{"@id":"https:\/\/golfoasis.enconstruction.website\/#organization"},"potentialAction":[{"@type":"SearchAction","target":{"@type":"EntryPoint","urlTemplate":"https:\/\/golfoasis.enconstruction.website\/?s={search_term_string}"},"query-input":{"@type":"PropertyValueSpecification","valueRequired":true,"valueName":"search_term_string"}}],"inLanguage":"fr-CA"},{"@type":"Organization","@id":"https:\/\/golfoasis.enconstruction.website\/#organization","name":"Oasis Golf Course","url":"https:\/\/golfoasis.enconstruction.website\/","logo":{"@type":"ImageObject","inLanguage":"fr-CA","@id":"https:\/\/golfoasis.enconstruction.website\/#\/schema\/logo\/image\/","url":"https:\/\/golfoasis.ca\/wp-content\/uploads\/2021\/01\/Logo-Oasis1.png","contentUrl":"https:\/\/golfoasis.ca\/wp-content\/uploads\/2021\/01\/Logo-Oasis1.png","width":151,"height":210,"caption":"Oasis Golf Course"},"image":{"@id":"https:\/\/golfoasis.enconstruction.website\/#\/schema\/logo\/image\/"},"sameAs":["https:\/\/www.facebook.com\/golfoasis18\/"]}]}},"_links":{"self":[{"href":"https:\/\/golfoasis.ca\/fr\/wp-json\/wp\/v2\/pages\/79","targetHints":{"allow":["GET"]}}],"collection":[{"href":"https:\/\/golfoasis.ca\/fr\/wp-json\/wp\/v2\/pages"}],"about":[{"href":"https:\/\/golfoasis.ca\/fr\/wp-json\/wp\/v2\/types\/page"}],"author":[{"embeddable":true,"href":"https:\/\/golfoasis.ca\/fr\/wp-json\/wp\/v2\/users\/1"}],"replies":[{"embeddable":true,"href":"https:\/\/golfoasis.ca\/fr\/wp-json\/wp\/v2\/comments?post=79"}],"version-history":[{"count":28,"href":"https:\/\/golfoasis.ca\/fr\/wp-json\/wp\/v2\/pages\/79\/revisions"}],"predecessor-version":[{"id":4911,"href":"https:\/\/golfoasis.ca\/fr\/wp-json\/wp\/v2\/pages\/79\/revisions\/4911"}],"wp:attachment":[{"href":"https:\/\/golfoasis.ca\/fr\/wp-json\/wp\/v2\/media?parent=79"}],"curies":[{"name":"wp","href":"https:\/\/api.w.org\/{rel}","templated":true}]}}