{"id":701,"date":"2016-07-12T13:42:53","date_gmt":"2016-07-12T18:42:53","guid":{"rendered":"http:\/\/www.golfoasis.ca\/?post_type=product&#038;p=701"},"modified":"2026-01-05T11:53:33","modified_gmt":"2026-01-05T16:53:33","slug":"quatuor-avec-voiturettes-promotion-internet","status":"publish","type":"product","link":"https:\/\/golfoasis.ca\/fr\/product\/quatuor-avec-voiturettes-promotion-internet\/","title":{"rendered":"Quatuor 7 jours avec voiturettes"},"content":{"rendered":"","protected":false},"excerpt":{"rendered":"<p>1 Quatuor ( 4 joueurs ) 18 trous avec voiturettes ( 2 par voiturettes )<br \/>\nValide en tout temps.<br \/>\nSaison 2023.<\/p>\n<p>R\u00e9server votre temps de d\u00e9part au 1.800.853.2424.<br \/>\nR\u00e9servations selon disponibilit\u00e9.<br \/>\nNon valide lors de tournois, ligues ou jours f\u00e9ri\u00e9s.<\/p>\n","protected":false},"featured_media":526,"comment_status":"closed","ping_status":"closed","template":"","meta":{"_acf_changed":false},"product_brand":[],"product_cat":[21],"product_tag":[],"class_list":{"0":"post-701","1":"product","2":"type-product","3":"status-publish","4":"has-post-thumbnail","6":"product_cat-golf-fr","8":"first","9":"instock","10":"downloadable","11":"taxable","12":"shipping-taxable","13":"purchasable","14":"product-type-simple"},"acf":[],"yoast_head":"<!-- This site is optimized with the Yoast SEO plugin v26.6 - https:\/\/yoast.com\/wordpress\/plugins\/seo\/ -->\n<title>Quatuor 7 jours avec voiturettes - Club de Golf Oasis<\/title>\n<meta name=\"robots\" content=\"index, follow, max-snippet:-1, max-image-preview:large, max-video-preview:-1\" \/>\n<link rel=\"canonical\" href=\"https:\/\/golfoasis.ca\/fr\/product\/quatuor-avec-voiturettes-promotion-internet\/\" \/>\n<meta property=\"og:locale\" content=\"fr_CA\" \/>\n<meta property=\"og:type\" content=\"article\" \/>\n<meta property=\"og:title\" content=\"Quatuor 7 jours avec voiturettes - Club de Golf Oasis\" \/>\n<meta property=\"og:description\" content=\"1 Quatuor ( 4 joueurs ) 18 trous avec voiturettes ( 2 par voiturettes ) Valide en tout temps. Saison 2023.  R\u00e9server votre temps de d\u00e9part au 1.800.853.2424. R\u00e9servations selon disponibilit\u00e9. Non valide lors de tournois, ligues ou jours f\u00e9ri\u00e9s.\" \/>\n<meta property=\"og:url\" content=\"https:\/\/golfoasis.ca\/fr\/product\/quatuor-avec-voiturettes-promotion-internet\/\" \/>\n<meta property=\"og:site_name\" content=\"Club de Golf Oasis\" \/>\n<meta property=\"article:publisher\" content=\"https:\/\/www.facebook.com\/golfoasis18\/\" \/>\n<meta property=\"article:modified_time\" content=\"2026-01-05T16:53:33+00:00\" \/>\n<meta property=\"og:image\" content=\"https:\/\/golfoasis.ca\/wp-content\/uploads\/2015\/09\/foursome-2.png\" \/>\n\t<meta property=\"og:image:width\" content=\"283\" \/>\n\t<meta property=\"og:image:height\" content=\"237\" \/>\n\t<meta property=\"og:image:type\" content=\"image\/png\" \/>\n<script type=\"application\/ld+json\" class=\"yoast-schema-graph\">{\"@context\":\"https:\/\/schema.org\",\"@graph\":[{\"@type\":\"WebPage\",\"@id\":\"https:\/\/golfoasis.ca\/fr\/product\/quatuor-avec-voiturettes-promotion-internet\/\",\"url\":\"https:\/\/golfoasis.ca\/fr\/product\/quatuor-avec-voiturettes-promotion-internet\/\",\"name\":\"Quatuor 7 jours avec voiturettes - Club de Golf Oasis\",\"isPartOf\":{\"@id\":\"https:\/\/golfoasis.enconstruction.website\/#website\"},\"primaryImageOfPage\":{\"@id\":\"https:\/\/golfoasis.ca\/fr\/product\/quatuor-avec-voiturettes-promotion-internet\/#primaryimage\"},\"image\":{\"@id\":\"https:\/\/golfoasis.ca\/fr\/product\/quatuor-avec-voiturettes-promotion-internet\/#primaryimage\"},\"thumbnailUrl\":\"https:\/\/golfoasis.ca\/wp-content\/uploads\/2015\/09\/foursome-2.png\",\"datePublished\":\"2016-07-12T18:42:53+00:00\",\"dateModified\":\"2026-01-05T16:53:33+00:00\",\"breadcrumb\":{\"@id\":\"https:\/\/golfoasis.ca\/fr\/product\/quatuor-avec-voiturettes-promotion-internet\/#breadcrumb\"},\"inLanguage\":\"fr-CA\",\"potentialAction\":[{\"@type\":\"ReadAction\",\"target\":[\"https:\/\/golfoasis.ca\/fr\/product\/quatuor-avec-voiturettes-promotion-internet\/\"]}]},{\"@type\":\"ImageObject\",\"inLanguage\":\"fr-CA\",\"@id\":\"https:\/\/golfoasis.ca\/fr\/product\/quatuor-avec-voiturettes-promotion-internet\/#primaryimage\",\"url\":\"https:\/\/golfoasis.ca\/wp-content\/uploads\/2015\/09\/foursome-2.png\",\"contentUrl\":\"https:\/\/golfoasis.ca\/wp-content\/uploads\/2015\/09\/foursome-2.png\",\"width\":283,\"height\":237},{\"@type\":\"BreadcrumbList\",\"@id\":\"https:\/\/golfoasis.ca\/fr\/product\/quatuor-avec-voiturettes-promotion-internet\/#breadcrumb\",\"itemListElement\":[{\"@type\":\"ListItem\",\"position\":1,\"name\":\"Home\",\"item\":\"https:\/\/golfoasis.ca\/fr\/accueil-2\/\"},{\"@type\":\"ListItem\",\"position\":2,\"name\":\"Promotions et forfaits\",\"item\":\"https:\/\/golfoasis.enconstruction.website\/fr\/shop\/\"},{\"@type\":\"ListItem\",\"position\":3,\"name\":\"Quatuor 7 jours avec voiturettes\"}]},{\"@type\":\"WebSite\",\"@id\":\"https:\/\/golfoasis.enconstruction.website\/#website\",\"url\":\"https:\/\/golfoasis.enconstruction.website\/\",\"name\":\"Oasis Golf Course\",\"description\":\"Brownsburg-Chatham - Lachute - Laurentides\",\"publisher\":{\"@id\":\"https:\/\/golfoasis.enconstruction.website\/#organization\"},\"potentialAction\":[{\"@type\":\"SearchAction\",\"target\":{\"@type\":\"EntryPoint\",\"urlTemplate\":\"https:\/\/golfoasis.enconstruction.website\/?s={search_term_string}\"},\"query-input\":{\"@type\":\"PropertyValueSpecification\",\"valueRequired\":true,\"valueName\":\"search_term_string\"}}],\"inLanguage\":\"fr-CA\"},{\"@type\":\"Organization\",\"@id\":\"https:\/\/golfoasis.enconstruction.website\/#organization\",\"name\":\"Oasis Golf Course\",\"url\":\"https:\/\/golfoasis.enconstruction.website\/\",\"logo\":{\"@type\":\"ImageObject\",\"inLanguage\":\"fr-CA\",\"@id\":\"https:\/\/golfoasis.enconstruction.website\/#\/schema\/logo\/image\/\",\"url\":\"https:\/\/golfoasis.ca\/wp-content\/uploads\/2021\/01\/Logo-Oasis1.png\",\"contentUrl\":\"https:\/\/golfoasis.ca\/wp-content\/uploads\/2021\/01\/Logo-Oasis1.png\",\"width\":151,\"height\":210,\"caption\":\"Oasis Golf Course\"},\"image\":{\"@id\":\"https:\/\/golfoasis.enconstruction.website\/#\/schema\/logo\/image\/\"},\"sameAs\":[\"https:\/\/www.facebook.com\/golfoasis18\/\"]}]}<\/script>\n<!-- \/ Yoast SEO plugin. -->","yoast_head_json":{"title":"Quatuor 7 jours avec voiturettes - Club de Golf Oasis","robots":{"index":"index","follow":"follow","max-snippet":"max-snippet:-1","max-image-preview":"max-image-preview:large","max-video-preview":"max-video-preview:-1"},"canonical":"https:\/\/golfoasis.ca\/fr\/product\/quatuor-avec-voiturettes-promotion-internet\/","og_locale":"fr_CA","og_type":"article","og_title":"Quatuor 7 jours avec voiturettes - Club de Golf Oasis","og_description":"1 Quatuor ( 4 joueurs ) 18 trous avec voiturettes ( 2 par voiturettes ) Valide en tout temps. Saison 2023.  R\u00e9server votre temps de d\u00e9part au 1.800.853.2424. R\u00e9servations selon disponibilit\u00e9. Non valide lors de tournois, ligues ou jours f\u00e9ri\u00e9s.","og_url":"https:\/\/golfoasis.ca\/fr\/product\/quatuor-avec-voiturettes-promotion-internet\/","og_site_name":"Club de Golf Oasis","article_publisher":"https:\/\/www.facebook.com\/golfoasis18\/","article_modified_time":"2026-01-05T16:53:33+00:00","og_image":[{"width":283,"height":237,"url":"https:\/\/golfoasis.ca\/wp-content\/uploads\/2015\/09\/foursome-2.png","type":"image\/png"}],"schema":{"@context":"https:\/\/schema.org","@graph":[{"@type":"WebPage","@id":"https:\/\/golfoasis.ca\/fr\/product\/quatuor-avec-voiturettes-promotion-internet\/","url":"https:\/\/golfoasis.ca\/fr\/product\/quatuor-avec-voiturettes-promotion-internet\/","name":"Quatuor 7 jours avec voiturettes - Club de Golf Oasis","isPartOf":{"@id":"https:\/\/golfoasis.enconstruction.website\/#website"},"primaryImageOfPage":{"@id":"https:\/\/golfoasis.ca\/fr\/product\/quatuor-avec-voiturettes-promotion-internet\/#primaryimage"},"image":{"@id":"https:\/\/golfoasis.ca\/fr\/product\/quatuor-avec-voiturettes-promotion-internet\/#primaryimage"},"thumbnailUrl":"https:\/\/golfoasis.ca\/wp-content\/uploads\/2015\/09\/foursome-2.png","datePublished":"2016-07-12T18:42:53+00:00","dateModified":"2026-01-05T16:53:33+00:00","breadcrumb":{"@id":"https:\/\/golfoasis.ca\/fr\/product\/quatuor-avec-voiturettes-promotion-internet\/#breadcrumb"},"inLanguage":"fr-CA","potentialAction":[{"@type":"ReadAction","target":["https:\/\/golfoasis.ca\/fr\/product\/quatuor-avec-voiturettes-promotion-internet\/"]}]},{"@type":"ImageObject","inLanguage":"fr-CA","@id":"https:\/\/golfoasis.ca\/fr\/product\/quatuor-avec-voiturettes-promotion-internet\/#primaryimage","url":"https:\/\/golfoasis.ca\/wp-content\/uploads\/2015\/09\/foursome-2.png","contentUrl":"https:\/\/golfoasis.ca\/wp-content\/uploads\/2015\/09\/foursome-2.png","width":283,"height":237},{"@type":"BreadcrumbList","@id":"https:\/\/golfoasis.ca\/fr\/product\/quatuor-avec-voiturettes-promotion-internet\/#breadcrumb","itemListElement":[{"@type":"ListItem","position":1,"name":"Home","item":"https:\/\/golfoasis.ca\/fr\/accueil-2\/"},{"@type":"ListItem","position":2,"name":"Promotions et forfaits","item":"https:\/\/golfoasis.enconstruction.website\/fr\/shop\/"},{"@type":"ListItem","position":3,"name":"Quatuor 7 jours avec voiturettes"}]},{"@type":"WebSite","@id":"https:\/\/golfoasis.enconstruction.website\/#website","url":"https:\/\/golfoasis.enconstruction.website\/","name":"Oasis Golf Course","description":"Brownsburg-Chatham - Lachute - Laurentides","publisher":{"@id":"https:\/\/golfoasis.enconstruction.website\/#organization"},"potentialAction":[{"@type":"SearchAction","target":{"@type":"EntryPoint","urlTemplate":"https:\/\/golfoasis.enconstruction.website\/?s={search_term_string}"},"query-input":{"@type":"PropertyValueSpecification","valueRequired":true,"valueName":"search_term_string"}}],"inLanguage":"fr-CA"},{"@type":"Organization","@id":"https:\/\/golfoasis.enconstruction.website\/#organization","name":"Oasis Golf Course","url":"https:\/\/golfoasis.enconstruction.website\/","logo":{"@type":"ImageObject","inLanguage":"fr-CA","@id":"https:\/\/golfoasis.enconstruction.website\/#\/schema\/logo\/image\/","url":"https:\/\/golfoasis.ca\/wp-content\/uploads\/2021\/01\/Logo-Oasis1.png","contentUrl":"https:\/\/golfoasis.ca\/wp-content\/uploads\/2021\/01\/Logo-Oasis1.png","width":151,"height":210,"caption":"Oasis Golf Course"},"image":{"@id":"https:\/\/golfoasis.enconstruction.website\/#\/schema\/logo\/image\/"},"sameAs":["https:\/\/www.facebook.com\/golfoasis18\/"]}]}},"_links":{"self":[{"href":"https:\/\/golfoasis.ca\/fr\/wp-json\/wp\/v2\/product\/701","targetHints":{"allow":["GET"]}}],"collection":[{"href":"https:\/\/golfoasis.ca\/fr\/wp-json\/wp\/v2\/product"}],"about":[{"href":"https:\/\/golfoasis.ca\/fr\/wp-json\/wp\/v2\/types\/product"}],"replies":[{"embeddable":true,"href":"https:\/\/golfoasis.ca\/fr\/wp-json\/wp\/v2\/comments?post=701"}],"wp:featuredmedia":[{"embeddable":true,"href":"https:\/\/golfoasis.ca\/fr\/wp-json\/wp\/v2\/media\/526"}],"wp:attachment":[{"href":"https:\/\/golfoasis.ca\/fr\/wp-json\/wp\/v2\/media?parent=701"}],"wp:term":[{"taxonomy":"product_brand","embeddable":true,"href":"https:\/\/golfoasis.ca\/fr\/wp-json\/wp\/v2\/product_brand?post=701"},{"taxonomy":"product_cat","embeddable":true,"href":"https:\/\/golfoasis.ca\/fr\/wp-json\/wp\/v2\/product_cat?post=701"},{"taxonomy":"product_tag","embeddable":true,"href":"https:\/\/golfoasis.ca\/fr\/wp-json\/wp\/v2\/product_tag?post=701"}],"curies":[{"name":"wp","href":"https:\/\/api.w.org\/{rel}","templated":true}]}}